{"id":104,"date":"2021-02-10T11:48:30","date_gmt":"2021-02-10T11:48:30","guid":{"rendered":"https:\/\/villasimona.sk\/?page_id=104"},"modified":"2025-09-30T08:46:26","modified_gmt":"2025-09-30T06:46:26","slug":"prednosti","status":"publish","type":"page","link":"https:\/\/villasimona.sk\/index.php\/prednosti\/","title":{"rendered":"V\u00fdhody 104"},"content":{"rendered":"\n<div class=\"wp-block-columns is-layout-flex wp-container-core-columns-is-layout-9d6595d7 wp-block-columns-is-layout-flex\">\n<div class=\"wp-block-column is-layout-flow wp-block-column-is-layout-flow\" style=\"flex-basis:33.34%\"><div class=\"wp-block-image\">\n<figure class=\"aligncenter size-large is-resized\"><a href=\"index.php\/galeria\/\"><img loading=\"lazy\" decoding=\"async\" width=\"170\" height=\"170\" src=\"https:\/\/villasimona.sk\/wp-content\/uploads\/2021\/02\/ico5.png\" alt=\"\" class=\"wp-image-164\" style=\"width:100px\" srcset=\"https:\/\/villasimona.sk\/wp-content\/uploads\/2021\/02\/ico5.png 170w, https:\/\/villasimona.sk\/wp-content\/uploads\/2021\/02\/ico5-150x150.png 150w\" sizes=\"auto, (max-width: 170px) 100vw, 170px\" \/><\/a><\/figure>\n<\/div>\n\n\n<h4 class=\"wp-block-heading\">Luxusn\u00fd<br>priv\u00e1t<\/h4>\n\n\n\n<p>Po komplexnej rekon\u0161trukcii, luxusn\u00fd a&nbsp;vybaven\u00fd najmodernej\u0161ou technikou.<\/p>\n<\/div>\n\n\n\n<div class=\"wp-block-column is-layout-flow wp-block-column-is-layout-flow\" style=\"flex-basis:33.34%\"><div class=\"wp-block-image\">\n<figure class=\"aligncenter size-large is-resized\"><a href=\"index.php\/hb_accommodation\/villa-izby\/\"><img loading=\"lazy\" decoding=\"async\" width=\"170\" height=\"170\" src=\"https:\/\/villasimona.sk\/wp-content\/uploads\/2021\/02\/ico4.png\" alt=\"\" class=\"wp-image-165\" style=\"width:100px\" srcset=\"https:\/\/villasimona.sk\/wp-content\/uploads\/2021\/02\/ico4.png 170w, https:\/\/villasimona.sk\/wp-content\/uploads\/2021\/02\/ico4-150x150.png 150w\" sizes=\"auto, (max-width: 170px) 100vw, 170px\" \/><\/a><\/figure>\n<\/div>\n\n\n<h4 class=\"wp-block-heading\">Ubytovanie<br>pre\u00a010 \u013eud\u00ed<\/h4>\n\n\n\n<p>\u0160tyri komfortn\u00e9 sp\u00e1lne a&nbsp;tri honosn\u00e9 k\u00fape\u013ene. Sp\u00e1l\u0148a na pr\u00edzem\u00ed m\u00e1 bezbari\u00e9rov\u00fd pr\u00edstup.<\/p>\n<\/div>\n\n\n\n<div class=\"wp-block-column is-layout-flow wp-block-column-is-layout-flow\" style=\"flex-basis:33.33%\"><div class=\"wp-block-image\">\n<figure class=\"aligncenter size-large is-resized\"><a href=\"index.php\/vybavenie\/kuchyna-a-jedalen\/\"><img loading=\"lazy\" decoding=\"async\" width=\"170\" height=\"170\" src=\"https:\/\/villasimona.sk\/wp-content\/uploads\/2021\/02\/ico6.png\" alt=\"\" class=\"wp-image-167\" style=\"width:100px\" srcset=\"https:\/\/villasimona.sk\/wp-content\/uploads\/2021\/02\/ico6.png 170w, https:\/\/villasimona.sk\/wp-content\/uploads\/2021\/02\/ico6-150x150.png 150w\" sizes=\"auto, (max-width: 170px) 100vw, 170px\" \/><\/a><\/figure>\n<\/div>\n\n\n<h4 class=\"wp-block-heading\">Nad\u0161tandardn\u00e9 vybavenie<\/h4>\n\n\n\n<p>Nad\u0161tandardn\u00e1 kompletne vybaven\u00e1 kuchy\u0148a a&nbsp;spolo\u010densk\u00e1 miestnos\u0165 s&nbsp;dom\u00e1cim kinom.<\/p>\n<\/div>\n<\/div>\n\n\n\n<div class=\"wp-block-columns is-layout-flex wp-container-core-columns-is-layout-9d6595d7 wp-block-columns-is-layout-flex\">\n<div class=\"wp-block-column is-layout-flow wp-block-column-is-layout-flow\"><div class=\"wp-block-image\">\n<figure class=\"aligncenter size-large is-resized\"><a href=\"index.php\/wellness-2\/\"><img loading=\"lazy\" decoding=\"async\" width=\"170\" height=\"170\" src=\"https:\/\/villasimona.sk\/wp-content\/uploads\/2021\/02\/ico8.png\" alt=\"\" class=\"wp-image-168\" style=\"width:100px\" srcset=\"https:\/\/villasimona.sk\/wp-content\/uploads\/2021\/02\/ico8.png 170w, https:\/\/villasimona.sk\/wp-content\/uploads\/2021\/02\/ico8-150x150.png 150w\" sizes=\"auto, (max-width: 170px) 100vw, 170px\" \/><\/a><\/figure>\n<\/div>\n\n\n<h4 class=\"wp-block-heading\">S\u00fakromn\u00e9 wellness<\/h4>\n\n\n\n<p>Vyhrievan\u00e1 zimn\u00e1 z\u00e1hrada s&nbsp;jacuzzi a exteri\u00e9rov\u00e1 sauna s&nbsp;panoramatick\u00fdm v\u00fdh\u013eadom.<\/p>\n<\/div>\n\n\n\n<div class=\"wp-block-column is-layout-flow wp-block-column-is-layout-flow\"><div class=\"wp-block-image\">\n<figure class=\"aligncenter size-large is-resized\"><a href=\"index.php\/vybavenie\/zahrada\/\"><img loading=\"lazy\" decoding=\"async\" width=\"170\" height=\"170\" src=\"https:\/\/villasimona.sk\/wp-content\/uploads\/2021\/02\/ico2.png\" alt=\"\" class=\"wp-image-169\" style=\"width:100px\" srcset=\"https:\/\/villasimona.sk\/wp-content\/uploads\/2021\/02\/ico2.png 170w, https:\/\/villasimona.sk\/wp-content\/uploads\/2021\/02\/ico2-150x150.png 150w\" sizes=\"auto, (max-width: 170px) 100vw, 170px\" \/><\/a><\/figure>\n<\/div>\n\n\n<h4 class=\"wp-block-heading\">Z\u00e1hrada All inclusive<\/h4>\n\n\n\n<p>Slne\u010dn\u00e1 terasa so z\u00e1hradnou pecou a&nbsp;zapusten\u00e9 ohnisko v elegantnej z\u00e1hrade.<\/p>\n<\/div>\n\n\n\n<div class=\"wp-block-column is-layout-flow wp-block-column-is-layout-flow\"><div class=\"wp-block-image\">\n<figure class=\"aligncenter size-large is-resized\"><a href=\"index.php\/tipy-na-vylety\/\"><img loading=\"lazy\" decoding=\"async\" width=\"170\" height=\"170\" src=\"https:\/\/villasimona.sk\/wp-content\/uploads\/2021\/02\/ico7.png\" alt=\"\" class=\"wp-image-170\" style=\"width:100px\" srcset=\"https:\/\/villasimona.sk\/wp-content\/uploads\/2021\/02\/ico7.png 170w, https:\/\/villasimona.sk\/wp-content\/uploads\/2021\/02\/ico7-150x150.png 150w\" sizes=\"auto, (max-width: 170px) 100vw, 170px\" \/><\/a><\/figure>\n<\/div>\n\n\n<h4 class=\"wp-block-heading\">V\u00fdhodn\u00e1 poloha<\/h4>\n\n\n\n<p>Pokojn\u00e1 ulica pri k\u00fape\u013enom parku a len 400 m ch\u00f4dze od centra Rajeck\u00fdch Tepl\u00edc.&nbsp;<\/p>\n<\/div>\n<\/div>\n","protected":false},"excerpt":{"rendered":"<p>Luxusn\u00fd priv\u00e1t pre 12 \u013eud\u00ed s vlastnou saunou, outdoorov\u00fdm wellness, ohniskom, krbom v Rajeck\u00fdch Tepliciach.<\/p>\n","protected":false},"author":1,"featured_media":0,"parent":0,"menu_order":0,"comment_status":"open","ping_status":"open","template":"","meta":{"footnotes":""},"class_list":["post-104","page","type-page","status-publish","hentry"],"_links":{"self":[{"href":"https:\/\/villasimona.sk\/index.php\/wp-json\/wp\/v2\/pages\/104","targetHints":{"allow":["GET"]}}],"collection":[{"href":"https:\/\/villasimona.sk\/index.php\/wp-json\/wp\/v2\/pages"}],"about":[{"href":"https:\/\/villasimona.sk\/index.php\/wp-json\/wp\/v2\/types\/page"}],"author":[{"embeddable":true,"href":"https:\/\/villasimona.sk\/index.php\/wp-json\/wp\/v2\/users\/1"}],"replies":[{"embeddable":true,"href":"https:\/\/villasimona.sk\/index.php\/wp-json\/wp\/v2\/comments?post=104"}],"version-history":[{"count":21,"href":"https:\/\/villasimona.sk\/index.php\/wp-json\/wp\/v2\/pages\/104\/revisions"}],"predecessor-version":[{"id":904,"href":"https:\/\/villasimona.sk\/index.php\/wp-json\/wp\/v2\/pages\/104\/revisions\/904"}],"wp:attachment":[{"href":"https:\/\/villasimona.sk\/index.php\/wp-json\/wp\/v2\/media?parent=104"}],"curies":[{"name":"wp","href":"https:\/\/api.w.org\/{rel}","templated":true}]}}