{"id":531,"date":"2021-03-11T22:01:06","date_gmt":"2021-03-11T21:01:06","guid":{"rendered":"https:\/\/villasimona.sk\/?page_id=531"},"modified":"2025-10-23T15:00:06","modified_gmt":"2025-10-23T13:00:06","slug":"kuchyna-a-jedalen","status":"publish","type":"page","link":"https:\/\/villasimona.sk\/index.php\/vybavenie\/kuchyna-a-jedalen\/","title":{"rendered":"Kuchy\u0148a a jed\u00e1le\u0148"},"content":{"rendered":"\n<figure class=\"wp-block-gallery has-nested-images columns-default is-cropped wp-block-gallery-1 is-layout-flex wp-block-gallery-is-layout-flex\">\n<figure class=\"wp-block-image size-large\"><a href=\"https:\/\/villasimona.sk\/wp-content\/uploads\/2025\/10\/20251015_151941-scaled.jpg\"><img loading=\"lazy\" decoding=\"async\" width=\"1024\" height=\"768\" data-id=\"919\" src=\"https:\/\/villasimona.sk\/wp-content\/uploads\/2025\/10\/20251015_151941-1024x768.jpg\" alt=\"\" class=\"wp-image-919\" srcset=\"https:\/\/villasimona.sk\/wp-content\/uploads\/2025\/10\/20251015_151941-1024x768.jpg 1024w, https:\/\/villasimona.sk\/wp-content\/uploads\/2025\/10\/20251015_151941-300x225.jpg 300w, https:\/\/villasimona.sk\/wp-content\/uploads\/2025\/10\/20251015_151941-768x576.jpg 768w, https:\/\/villasimona.sk\/wp-content\/uploads\/2025\/10\/20251015_151941-1536x1152.jpg 1536w, https:\/\/villasimona.sk\/wp-content\/uploads\/2025\/10\/20251015_151941-2048x1536.jpg 2048w\" sizes=\"auto, (max-width: 1024px) 100vw, 1024px\" \/><\/a><\/figure>\n\n\n\n<figure class=\"wp-block-image size-large\"><a href=\"https:\/\/villasimona.sk\/wp-content\/uploads\/2025\/10\/20251015_145544-scaled.jpg\"><img loading=\"lazy\" decoding=\"async\" width=\"1024\" height=\"768\" data-id=\"915\" src=\"https:\/\/villasimona.sk\/wp-content\/uploads\/2025\/10\/20251015_145544-1024x768.jpg\" alt=\"\" class=\"wp-image-915\" srcset=\"https:\/\/villasimona.sk\/wp-content\/uploads\/2025\/10\/20251015_145544-1024x768.jpg 1024w, https:\/\/villasimona.sk\/wp-content\/uploads\/2025\/10\/20251015_145544-300x225.jpg 300w, https:\/\/villasimona.sk\/wp-content\/uploads\/2025\/10\/20251015_145544-768x576.jpg 768w, https:\/\/villasimona.sk\/wp-content\/uploads\/2025\/10\/20251015_145544-1536x1152.jpg 1536w, https:\/\/villasimona.sk\/wp-content\/uploads\/2025\/10\/20251015_145544-2048x1536.jpg 2048w\" sizes=\"auto, (max-width: 1024px) 100vw, 1024px\" \/><\/a><\/figure>\n\n\n\n<figure class=\"wp-block-image size-large\"><a href=\"https:\/\/villasimona.sk\/wp-content\/uploads\/2025\/10\/20251015_145614-scaled.jpg\"><img loading=\"lazy\" decoding=\"async\" width=\"1024\" height=\"768\" data-id=\"918\" src=\"https:\/\/villasimona.sk\/wp-content\/uploads\/2025\/10\/20251015_145614-1024x768.jpg\" alt=\"\" class=\"wp-image-918\" srcset=\"https:\/\/villasimona.sk\/wp-content\/uploads\/2025\/10\/20251015_145614-1024x768.jpg 1024w, https:\/\/villasimona.sk\/wp-content\/uploads\/2025\/10\/20251015_145614-300x225.jpg 300w, https:\/\/villasimona.sk\/wp-content\/uploads\/2025\/10\/20251015_145614-768x576.jpg 768w, https:\/\/villasimona.sk\/wp-content\/uploads\/2025\/10\/20251015_145614-1536x1152.jpg 1536w, https:\/\/villasimona.sk\/wp-content\/uploads\/2025\/10\/20251015_145614-2048x1536.jpg 2048w\" sizes=\"auto, (max-width: 1024px) 100vw, 1024px\" \/><\/a><\/figure>\n\n\n\n<figure class=\"wp-block-image size-large\"><a href=\"https:\/\/villasimona.sk\/wp-content\/uploads\/2025\/10\/20251015_145719-scaled.jpg\"><img loading=\"lazy\" decoding=\"async\" width=\"1024\" height=\"768\" data-id=\"913\" src=\"https:\/\/villasimona.sk\/wp-content\/uploads\/2025\/10\/20251015_145719-1024x768.jpg\" alt=\"\" class=\"wp-image-913\" srcset=\"https:\/\/villasimona.sk\/wp-content\/uploads\/2025\/10\/20251015_145719-1024x768.jpg 1024w, https:\/\/villasimona.sk\/wp-content\/uploads\/2025\/10\/20251015_145719-300x225.jpg 300w, https:\/\/villasimona.sk\/wp-content\/uploads\/2025\/10\/20251015_145719-768x576.jpg 768w, https:\/\/villasimona.sk\/wp-content\/uploads\/2025\/10\/20251015_145719-1536x1152.jpg 1536w, https:\/\/villasimona.sk\/wp-content\/uploads\/2025\/10\/20251015_145719-2048x1536.jpg 2048w\" sizes=\"auto, (max-width: 1024px) 100vw, 1024px\" \/><\/a><\/figure>\n\n\n\n<figure class=\"wp-block-image size-large\"><a href=\"https:\/\/villasimona.sk\/wp-content\/uploads\/2025\/10\/20251015_145623-scaled.jpg\"><img loading=\"lazy\" decoding=\"async\" width=\"1024\" height=\"768\" data-id=\"917\" src=\"https:\/\/villasimona.sk\/wp-content\/uploads\/2025\/10\/20251015_145623-1024x768.jpg\" alt=\"\" class=\"wp-image-917\" srcset=\"https:\/\/villasimona.sk\/wp-content\/uploads\/2025\/10\/20251015_145623-1024x768.jpg 1024w, https:\/\/villasimona.sk\/wp-content\/uploads\/2025\/10\/20251015_145623-300x225.jpg 300w, https:\/\/villasimona.sk\/wp-content\/uploads\/2025\/10\/20251015_145623-768x576.jpg 768w, https:\/\/villasimona.sk\/wp-content\/uploads\/2025\/10\/20251015_145623-1536x1152.jpg 1536w, https:\/\/villasimona.sk\/wp-content\/uploads\/2025\/10\/20251015_145623-2048x1536.jpg 2048w\" sizes=\"auto, (max-width: 1024px) 100vw, 1024px\" \/><\/a><\/figure>\n\n\n\n<figure class=\"wp-block-image size-large\"><a href=\"https:\/\/villasimona.sk\/wp-content\/uploads\/2025\/10\/20251015_145601-1-scaled.jpg\"><img loading=\"lazy\" decoding=\"async\" width=\"1024\" height=\"768\" data-id=\"924\" src=\"https:\/\/villasimona.sk\/wp-content\/uploads\/2025\/10\/20251015_145601-1-1024x768.jpg\" alt=\"\" class=\"wp-image-924\" srcset=\"https:\/\/villasimona.sk\/wp-content\/uploads\/2025\/10\/20251015_145601-1-1024x768.jpg 1024w, https:\/\/villasimona.sk\/wp-content\/uploads\/2025\/10\/20251015_145601-1-300x225.jpg 300w, https:\/\/villasimona.sk\/wp-content\/uploads\/2025\/10\/20251015_145601-1-768x576.jpg 768w, https:\/\/villasimona.sk\/wp-content\/uploads\/2025\/10\/20251015_145601-1-1536x1152.jpg 1536w, https:\/\/villasimona.sk\/wp-content\/uploads\/2025\/10\/20251015_145601-1-2048x1536.jpg 2048w\" sizes=\"auto, (max-width: 1024px) 100vw, 1024px\" \/><\/a><\/figure>\n\n\n\n<figure class=\"wp-block-image size-large\"><a href=\"https:\/\/villasimona.sk\/wp-content\/uploads\/2021\/03\/DSC_0229.jpg\"><img loading=\"lazy\" decoding=\"async\" width=\"1024\" height=\"683\" data-id=\"441\" src=\"https:\/\/villasimona.sk\/wp-content\/uploads\/2021\/03\/DSC_0229-1024x683.jpg\" alt=\"\" class=\"wp-image-441\" srcset=\"https:\/\/villasimona.sk\/wp-content\/uploads\/2021\/03\/DSC_0229-1024x683.jpg 1024w, https:\/\/villasimona.sk\/wp-content\/uploads\/2021\/03\/DSC_0229-300x200.jpg 300w, https:\/\/villasimona.sk\/wp-content\/uploads\/2021\/03\/DSC_0229-768x512.jpg 768w, https:\/\/villasimona.sk\/wp-content\/uploads\/2021\/03\/DSC_0229-1536x1024.jpg 1536w, https:\/\/villasimona.sk\/wp-content\/uploads\/2021\/03\/DSC_0229-2048x1365.jpg 2048w\" sizes=\"auto, (max-width: 1024px) 100vw, 1024px\" \/><\/a><\/figure>\n\n\n\n<figure class=\"wp-block-image size-large\"><a href=\"https:\/\/villasimona.sk\/wp-content\/uploads\/2021\/03\/DSC_0231.jpg\"><img loading=\"lazy\" decoding=\"async\" width=\"1024\" height=\"683\" data-id=\"442\" src=\"https:\/\/villasimona.sk\/wp-content\/uploads\/2021\/03\/DSC_0231-1024x683.jpg\" alt=\"\" class=\"wp-image-442\" srcset=\"https:\/\/villasimona.sk\/wp-content\/uploads\/2021\/03\/DSC_0231-1024x683.jpg 1024w, https:\/\/villasimona.sk\/wp-content\/uploads\/2021\/03\/DSC_0231-300x200.jpg 300w, https:\/\/villasimona.sk\/wp-content\/uploads\/2021\/03\/DSC_0231-768x512.jpg 768w, https:\/\/villasimona.sk\/wp-content\/uploads\/2021\/03\/DSC_0231-1536x1024.jpg 1536w, https:\/\/villasimona.sk\/wp-content\/uploads\/2021\/03\/DSC_0231-2048x1365.jpg 2048w\" sizes=\"auto, (max-width: 1024px) 100vw, 1024px\" \/><\/a><\/figure>\n<\/figure>\n","protected":false},"excerpt":{"rendered":"","protected":false},"author":1,"featured_media":916,"parent":267,"menu_order":0,"comment_status":"closed","ping_status":"closed","template":"","meta":{"footnotes":""},"class_list":["post-531","page","type-page","status-publish","has-post-thumbnail","hentry"],"_links":{"self":[{"href":"https:\/\/villasimona.sk\/index.php\/wp-json\/wp\/v2\/pages\/531","targetHints":{"allow":["GET"]}}],"collection":[{"href":"https:\/\/villasimona.sk\/index.php\/wp-json\/wp\/v2\/pages"}],"about":[{"href":"https:\/\/villasimona.sk\/index.php\/wp-json\/wp\/v2\/types\/page"}],"author":[{"embeddable":true,"href":"https:\/\/villasimona.sk\/index.php\/wp-json\/wp\/v2\/users\/1"}],"replies":[{"embeddable":true,"href":"https:\/\/villasimona.sk\/index.php\/wp-json\/wp\/v2\/comments?post=531"}],"version-history":[{"count":6,"href":"https:\/\/villasimona.sk\/index.php\/wp-json\/wp\/v2\/pages\/531\/revisions"}],"predecessor-version":[{"id":925,"href":"https:\/\/villasimona.sk\/index.php\/wp-json\/wp\/v2\/pages\/531\/revisions\/925"}],"up":[{"embeddable":true,"href":"https:\/\/villasimona.sk\/index.php\/wp-json\/wp\/v2\/pages\/267"}],"wp:featuredmedia":[{"embeddable":true,"href":"https:\/\/villasimona.sk\/index.php\/wp-json\/wp\/v2\/media\/916"}],"wp:attachment":[{"href":"https:\/\/villasimona.sk\/index.php\/wp-json\/wp\/v2\/media?parent=531"}],"curies":[{"name":"wp","href":"https:\/\/api.w.org\/{rel}","templated":true}]}}