{"id":533,"date":"2021-03-11T22:01:44","date_gmt":"2021-03-11T21:01:44","guid":{"rendered":"https:\/\/villasimona.sk\/?page_id=533"},"modified":"2025-10-23T15:00:31","modified_gmt":"2025-10-23T13:00:31","slug":"spolocenska-miestnost","status":"publish","type":"page","link":"https:\/\/villasimona.sk\/index.php\/vybavenie\/spolocenska-miestnost\/","title":{"rendered":"Spolo\u010densk\u00e1 miestnos\u0165"},"content":{"rendered":"\n<figure class=\"wp-block-gallery has-nested-images columns-default is-cropped wp-block-gallery-1 is-layout-flex wp-block-gallery-is-layout-flex\">\n<figure class=\"wp-block-image size-large\"><a href=\"https:\/\/villasimona.sk\/wp-content\/uploads\/2025\/10\/20251015_145649-scaled.jpg\"><img loading=\"lazy\" decoding=\"async\" width=\"1024\" height=\"768\" data-id=\"920\" src=\"https:\/\/villasimona.sk\/wp-content\/uploads\/2025\/10\/20251015_145649-1024x768.jpg\" alt=\"\" class=\"wp-image-920\" srcset=\"https:\/\/villasimona.sk\/wp-content\/uploads\/2025\/10\/20251015_145649-1024x768.jpg 1024w, https:\/\/villasimona.sk\/wp-content\/uploads\/2025\/10\/20251015_145649-300x225.jpg 300w, https:\/\/villasimona.sk\/wp-content\/uploads\/2025\/10\/20251015_145649-768x576.jpg 768w, https:\/\/villasimona.sk\/wp-content\/uploads\/2025\/10\/20251015_145649-1536x1152.jpg 1536w, https:\/\/villasimona.sk\/wp-content\/uploads\/2025\/10\/20251015_145649-2048x1536.jpg 2048w\" sizes=\"auto, (max-width: 1024px) 100vw, 1024px\" \/><\/a><\/figure>\n\n\n\n<figure class=\"wp-block-image size-large\"><a href=\"https:\/\/villasimona.sk\/wp-content\/uploads\/2021\/03\/DSC_0106-scaled.jpg\"><img loading=\"lazy\" decoding=\"async\" width=\"1024\" height=\"683\" data-id=\"564\" src=\"https:\/\/villasimona.sk\/wp-content\/uploads\/2021\/03\/DSC_0106-1024x683.jpg\" alt=\"\" class=\"wp-image-564\" srcset=\"https:\/\/villasimona.sk\/wp-content\/uploads\/2021\/03\/DSC_0106-1024x683.jpg 1024w, https:\/\/villasimona.sk\/wp-content\/uploads\/2021\/03\/DSC_0106-300x200.jpg 300w, https:\/\/villasimona.sk\/wp-content\/uploads\/2021\/03\/DSC_0106-768x512.jpg 768w, https:\/\/villasimona.sk\/wp-content\/uploads\/2021\/03\/DSC_0106-1536x1024.jpg 1536w, https:\/\/villasimona.sk\/wp-content\/uploads\/2021\/03\/DSC_0106-2048x1365.jpg 2048w\" sizes=\"auto, (max-width: 1024px) 100vw, 1024px\" \/><\/a><\/figure>\n\n\n\n<figure class=\"wp-block-image size-large\"><a href=\"https:\/\/villasimona.sk\/wp-content\/uploads\/2021\/03\/DSC_0107-1-scaled.jpg\"><img loading=\"lazy\" decoding=\"async\" width=\"1024\" height=\"683\" data-id=\"565\" src=\"https:\/\/villasimona.sk\/wp-content\/uploads\/2021\/03\/DSC_0107-1-1024x683.jpg\" alt=\"\" class=\"wp-image-565\" srcset=\"https:\/\/villasimona.sk\/wp-content\/uploads\/2021\/03\/DSC_0107-1-1024x683.jpg 1024w, https:\/\/villasimona.sk\/wp-content\/uploads\/2021\/03\/DSC_0107-1-300x200.jpg 300w, https:\/\/villasimona.sk\/wp-content\/uploads\/2021\/03\/DSC_0107-1-768x512.jpg 768w, https:\/\/villasimona.sk\/wp-content\/uploads\/2021\/03\/DSC_0107-1-1536x1024.jpg 1536w, https:\/\/villasimona.sk\/wp-content\/uploads\/2021\/03\/DSC_0107-1-2048x1365.jpg 2048w\" sizes=\"auto, (max-width: 1024px) 100vw, 1024px\" \/><\/a><\/figure>\n\n\n\n<figure class=\"wp-block-image size-large\"><a href=\"https:\/\/villasimona.sk\/wp-content\/uploads\/2021\/03\/DSC_0102-1-scaled.jpg\"><img loading=\"lazy\" decoding=\"async\" width=\"1024\" height=\"683\" data-id=\"563\" src=\"https:\/\/villasimona.sk\/wp-content\/uploads\/2021\/03\/DSC_0102-1-1024x683.jpg\" alt=\"\" class=\"wp-image-563\" srcset=\"https:\/\/villasimona.sk\/wp-content\/uploads\/2021\/03\/DSC_0102-1-1024x683.jpg 1024w, https:\/\/villasimona.sk\/wp-content\/uploads\/2021\/03\/DSC_0102-1-300x200.jpg 300w, https:\/\/villasimona.sk\/wp-content\/uploads\/2021\/03\/DSC_0102-1-768x512.jpg 768w, https:\/\/villasimona.sk\/wp-content\/uploads\/2021\/03\/DSC_0102-1-1536x1024.jpg 1536w, https:\/\/villasimona.sk\/wp-content\/uploads\/2021\/03\/DSC_0102-1-2048x1365.jpg 2048w\" sizes=\"auto, (max-width: 1024px) 100vw, 1024px\" \/><\/a><\/figure>\n\n\n\n<figure class=\"wp-block-image size-large\"><a href=\"https:\/\/villasimona.sk\/wp-content\/uploads\/2021\/03\/DSC_0101-scaled.jpg\"><img loading=\"lazy\" decoding=\"async\" width=\"1024\" height=\"683\" data-id=\"562\" src=\"https:\/\/villasimona.sk\/wp-content\/uploads\/2021\/03\/DSC_0101-1024x683.jpg\" alt=\"\" class=\"wp-image-562\" srcset=\"https:\/\/villasimona.sk\/wp-content\/uploads\/2021\/03\/DSC_0101-1024x683.jpg 1024w, https:\/\/villasimona.sk\/wp-content\/uploads\/2021\/03\/DSC_0101-300x200.jpg 300w, https:\/\/villasimona.sk\/wp-content\/uploads\/2021\/03\/DSC_0101-768x512.jpg 768w, https:\/\/villasimona.sk\/wp-content\/uploads\/2021\/03\/DSC_0101-1536x1024.jpg 1536w, https:\/\/villasimona.sk\/wp-content\/uploads\/2021\/03\/DSC_0101-2048x1365.jpg 2048w\" sizes=\"auto, (max-width: 1024px) 100vw, 1024px\" \/><\/a><\/figure>\n\n\n\n<figure class=\"wp-block-image size-large\"><a href=\"https:\/\/villasimona.sk\/wp-content\/uploads\/2021\/03\/10-scaled.jpeg\"><img loading=\"lazy\" decoding=\"async\" width=\"768\" height=\"1024\" data-id=\"560\" src=\"https:\/\/villasimona.sk\/wp-content\/uploads\/2021\/03\/10-768x1024.jpeg\" alt=\"\" class=\"wp-image-560\" srcset=\"https:\/\/villasimona.sk\/wp-content\/uploads\/2021\/03\/10-768x1024.jpeg 768w, https:\/\/villasimona.sk\/wp-content\/uploads\/2021\/03\/10-225x300.jpeg 225w, https:\/\/villasimona.sk\/wp-content\/uploads\/2021\/03\/10-1152x1536.jpeg 1152w, https:\/\/villasimona.sk\/wp-content\/uploads\/2021\/03\/10-1536x2048.jpeg 1536w, https:\/\/villasimona.sk\/wp-content\/uploads\/2021\/03\/10-scaled.jpeg 1920w\" sizes=\"auto, (max-width: 768px) 100vw, 768px\" \/><\/a><\/figure>\n\n\n\n<figure class=\"wp-block-image size-large\"><a href=\"https:\/\/villasimona.sk\/wp-content\/uploads\/2021\/03\/1-scaled.jpeg\"><img loading=\"lazy\" decoding=\"async\" width=\"768\" height=\"1024\" data-id=\"559\" src=\"https:\/\/villasimona.sk\/wp-content\/uploads\/2021\/03\/1-768x1024.jpeg\" alt=\"\" class=\"wp-image-559\" srcset=\"https:\/\/villasimona.sk\/wp-content\/uploads\/2021\/03\/1-768x1024.jpeg 768w, https:\/\/villasimona.sk\/wp-content\/uploads\/2021\/03\/1-225x300.jpeg 225w, https:\/\/villasimona.sk\/wp-content\/uploads\/2021\/03\/1-1152x1536.jpeg 1152w, https:\/\/villasimona.sk\/wp-content\/uploads\/2021\/03\/1-1536x2048.jpeg 1536w, https:\/\/villasimona.sk\/wp-content\/uploads\/2021\/03\/1-scaled.jpeg 1920w\" sizes=\"auto, (max-width: 768px) 100vw, 768px\" \/><\/a><\/figure>\n<\/figure>\n","protected":false},"excerpt":{"rendered":"","protected":false},"author":1,"featured_media":920,"parent":267,"menu_order":5,"comment_status":"closed","ping_status":"closed","template":"","meta":{"footnotes":""},"class_list":["post-533","page","type-page","status-publish","has-post-thumbnail","hentry"],"_links":{"self":[{"href":"https:\/\/villasimona.sk\/index.php\/wp-json\/wp\/v2\/pages\/533","targetHints":{"allow":["GET"]}}],"collection":[{"href":"https:\/\/villasimona.sk\/index.php\/wp-json\/wp\/v2\/pages"}],"about":[{"href":"https:\/\/villasimona.sk\/index.php\/wp-json\/wp\/v2\/types\/page"}],"author":[{"embeddable":true,"href":"https:\/\/villasimona.sk\/index.php\/wp-json\/wp\/v2\/users\/1"}],"replies":[{"embeddable":true,"href":"https:\/\/villasimona.sk\/index.php\/wp-json\/wp\/v2\/comments?post=533"}],"version-history":[{"count":6,"href":"https:\/\/villasimona.sk\/index.php\/wp-json\/wp\/v2\/pages\/533\/revisions"}],"predecessor-version":[{"id":927,"href":"https:\/\/villasimona.sk\/index.php\/wp-json\/wp\/v2\/pages\/533\/revisions\/927"}],"up":[{"embeddable":true,"href":"https:\/\/villasimona.sk\/index.php\/wp-json\/wp\/v2\/pages\/267"}],"wp:featuredmedia":[{"embeddable":true,"href":"https:\/\/villasimona.sk\/index.php\/wp-json\/wp\/v2\/media\/920"}],"wp:attachment":[{"href":"https:\/\/villasimona.sk\/index.php\/wp-json\/wp\/v2\/media?parent=533"}],"curies":[{"name":"wp","href":"https:\/\/api.w.org\/{rel}","templated":true}]}}